{"id":2256,"date":"2020-02-26T12:27:45","date_gmt":"2020-02-26T18:27:45","guid":{"rendered":"https:\/\/creaeventosmazatlan.com\/?page_id=2256"},"modified":"2020-02-26T12:28:51","modified_gmt":"2020-02-26T18:28:51","slug":"cuestionario-eventos-empresariales","status":"publish","type":"page","link":"https:\/\/creaeventosmazatlan.com\/en\/cuestionario-eventos-empresariales\/","title":{"rendered":"Cuestionario &#8211; Eventos empresariales"},"content":{"rendered":"<div data-elementor-type=\"wp-page\" data-elementor-id=\"2256\" class=\"elementor elementor-2256\">\n\t\t\t\t\t\t<section class=\"has_eae_slider elementor-section elementor-top-section elementor-element elementor-element-cbe5a44 elementor-section-boxed elementor-section-height-default elementor-section-height-default\" data-eae-slider=\"13650\" data-id=\"cbe5a44\" data-element_type=\"section\" data-e-type=\"section\">\n\t\t\t\t\t\t<div class=\"elementor-container elementor-column-gap-default\">\n\t\t\t\t\t<div class=\"has_eae_slider elementor-column elementor-col-100 elementor-top-column elementor-element elementor-element-1c10a04\" data-eae-slider=\"27504\" data-id=\"1c10a04\" data-element_type=\"column\" data-e-type=\"column\">\n\t\t\t<div class=\"elementor-widget-wrap elementor-element-populated\">\n\t\t\t\t\t\t<div class=\"elementor-element elementor-element-486733f elementor-widget elementor-widget-heading\" data-id=\"486733f\" data-element_type=\"widget\" data-e-type=\"widget\" data-widget_type=\"heading.default\">\n\t\t\t\t<div class=\"elementor-widget-container\">\n\t\t\t\t\t<h2 class=\"elementor-heading-title elementor-size-default\">Cada evento es especial y queremos brindarle un servicio profesional y personalizado que supere sus expectativas.<\/h2>\t\t\t\t<\/div>\n\t\t\t\t<\/div>\n\t\t\t\t<div class=\"elementor-element elementor-element-85f9153 elementor-widget elementor-widget-text-editor\" data-id=\"85f9153\" data-element_type=\"widget\" data-e-type=\"widget\" data-widget_type=\"text-editor.default\">\n\t\t\t\t<div class=\"elementor-widget-container\">\n\t\t\t\t\t\t\t\t\t<p>Antes de iniciar el proceso d\u00e9janos conocer un poco m\u00e1s de lo que esperan como evento. Una ves nos env\u00eden las respuestas nos comunicaremos para atenderle de manera personalizada.<\/p>\t\t\t\t\t\t\t\t<\/div>\n\t\t\t\t<\/div>\n\t\t\t\t<div class=\"elementor-element elementor-element-e8b93bb elementor-widget elementor-widget-shortcode\" data-id=\"e8b93bb\" data-element_type=\"widget\" data-e-type=\"widget\" data-widget_type=\"shortcode.default\">\n\t\t\t\t<div class=\"elementor-widget-container\">\n\t\t\t\t\t\t\t<div class=\"elementor-shortcode\"><div class=\"wpforms-container\" id=\"wpforms-2255\"><form id=\"wpforms-form-2255\" class=\"wpforms-validate wpforms-form\" data-formid=\"2255\" method=\"post\" enctype=\"multipart\/form-data\" action=\"\/en\/wp-json\/wp\/v2\/pages\/2256\" data-token=\"a5340905ebad9c56580faaa836377a77\" data-token-time=\"1776760418\" data-trp-original-action=\"\/en\/wp-json\/wp\/v2\/pages\/2256\"><noscript class=\"wpforms-error-noscript\">Please enable JavaScript in your browser to complete this form.<\/noscript><div class=\"wpforms-field-container\"><div id=\"wpforms-2255-field_1-container\" class=\"wpforms-field wpforms-field-text\" data-field-id=\"1\"><label class=\"wpforms-field-label\" for=\"wpforms-2255-field_1\">Nombre completo <span class=\"wpforms-required-label\">*<\/span><\/label><input type=\"text\" id=\"wpforms-2255-field_1\" class=\"wpforms-field-large wpforms-field-required\" name=\"wpforms[fields][1]\" required><\/div><div id=\"wpforms-2255-field_18-container\" class=\"wpforms-field wpforms-field-text\" data-field-id=\"18\"><label class=\"wpforms-field-label\" for=\"wpforms-2255-field_18\">Empresa<\/label><input type=\"text\" id=\"wpforms-2255-field_18\" class=\"wpforms-field-large\" name=\"wpforms[fields][18]\" ><\/div><div id=\"wpforms-2255-field_15-container\" class=\"wpforms-field wpforms-field-text\" data-field-id=\"15\"><label class=\"wpforms-field-label\" for=\"wpforms-2255-field_15\">City <span class=\"wpforms-required-label\">*<\/span><\/label><input type=\"text\" id=\"wpforms-2255-field_15\" class=\"wpforms-field-large wpforms-field-required\" name=\"wpforms[fields][15]\" required><\/div><div id=\"wpforms-2255-field_16-container\" class=\"wpforms-field wpforms-field-text\" data-field-id=\"16\"><label class=\"wpforms-field-label\" for=\"wpforms-2255-field_16\">Phone<\/label><input type=\"text\" id=\"wpforms-2255-field_16\" class=\"wpforms-field-large\" name=\"wpforms[fields][16]\" ><\/div><div id=\"wpforms-2255-field_3-container\" class=\"wpforms-field wpforms-field-email\" data-field-id=\"3\"><label class=\"wpforms-field-label\" for=\"wpforms-2255-field_3\">Email <span class=\"wpforms-required-label\">*<\/span><\/label><input type=\"email\" id=\"wpforms-2255-field_3\" class=\"wpforms-field-large wpforms-field-required\" name=\"wpforms[fields][3]\" spellcheck=\"false\" required><\/div><div id=\"wpforms-2255-field_4-container\" class=\"wpforms-field wpforms-field-text\" data-field-id=\"4\"><label class=\"wpforms-field-label\" for=\"wpforms-2255-field_4\">Tentative date of the event <span class=\"wpforms-required-label\">*<\/span><\/label><input type=\"text\" id=\"wpforms-2255-field_4\" class=\"wpforms-field-large wpforms-field-required\" name=\"wpforms[fields][4]\" required><\/div><div id=\"wpforms-2255-field_5-container\" class=\"wpforms-field wpforms-field-select\" data-field-id=\"5\"><label class=\"wpforms-field-label\" for=\"wpforms-2255-field_5\">Venue or preferred location <span class=\"wpforms-required-label\">*<\/span><\/label><select id=\"wpforms-2255-field_5\" class=\"wpforms-field-large wpforms-field-required\" name=\"wpforms[fields][5]\" required=\"required\"><option value=\"Sal\u00f3n de eventos\"  class=\"choice-1 depth-1\"  >Sal\u00f3n de eventos<\/option><option value=\"Hacienda\"  class=\"choice-2 depth-1\"  >Hacienda<\/option><option value=\"Hotel\"  class=\"choice-3 depth-1\"  >Hotel<\/option><option value=\"Jard\u00edn\"  class=\"choice-5 depth-1\"  >Jard\u00edn<\/option><option value=\"Frente al Mar \/ Aire libre \"  class=\"choice-4 depth-1\"  >Frente al Mar \/ Aire libre<\/option><option value=\"Otro\"  class=\"choice-6 depth-1\"  >Otro<\/option><\/select><\/div><div id=\"wpforms-2255-field_6-container\" class=\"wpforms-field wpforms-field-select\" data-field-id=\"6\"><label class=\"wpforms-field-label\" for=\"wpforms-2255-field_6\">Number of guests <span class=\"wpforms-required-label\">*<\/span><\/label><select id=\"wpforms-2255-field_6\" class=\"wpforms-field-large wpforms-field-required\" name=\"wpforms[fields][6]\" required=\"required\"><option value=\"De 10 a 100\"  class=\"choice-1 depth-1\"  >De 10 a 100<\/option><option value=\"De 101 a 200\"  class=\"choice-2 depth-1\"  >De 101 a 200<\/option><option value=\"De 201 a 300\"  class=\"choice-3 depth-1\"  >De 201 a 300<\/option><option value=\"M\u00e1s de 300\"  class=\"choice-4 depth-1\"  >M\u00e1s de 300<\/option><\/select><\/div><div id=\"wpforms-2255-field_9-container\" class=\"wpforms-field wpforms-field-select\" data-field-id=\"9\"><label class=\"wpforms-field-label\" for=\"wpforms-2255-field_9\">How many hours do you want for your reception? <span class=\"wpforms-required-label\">*<\/span><\/label><select id=\"wpforms-2255-field_9\" class=\"wpforms-field-large wpforms-field-required\" name=\"wpforms[fields][9]\" required=\"required\"><option value=\"Menos de 5 horas\"  class=\"choice-1 depth-1\"  >Less than 5 hours<\/option><option value=\"5 Horas\"  class=\"choice-2 depth-1\"  >5 hours<\/option><option value=\"6 Horas\"  class=\"choice-3 depth-1\"  >6 hours<\/option><option value=\"7 Horas\"  class=\"choice-4 depth-1\"  >7 hours<\/option><option value=\"M\u00e1s de 8 horas\"  class=\"choice-5 depth-1\"  >More than 8 hours<\/option><\/select><\/div><div id=\"wpforms-2255-field_19-container\" class=\"wpforms-field wpforms-field-checkbox\" data-field-id=\"19\"><label class=\"wpforms-field-label\">Seleccione si incluye alguno de los siguientes:<\/label><ul id=\"wpforms-2255-field_19\"><li class=\"choice-1 depth-1\"><input type=\"checkbox\" id=\"wpforms-2255-field_19_1\" name=\"wpforms[fields][19][]\" value=\"Maestro de ceremonias\"  ><label class=\"wpforms-field-label-inline\" for=\"wpforms-2255-field_19_1\">Maestro de ceremonias<\/label><\/li><li class=\"choice-2 depth-1\"><input type=\"checkbox\" id=\"wpforms-2255-field_19_2\" name=\"wpforms[fields][19][]\" value=\"Presentaci\u00f3n multimedia\"  ><label class=\"wpforms-field-label-inline\" for=\"wpforms-2255-field_19_2\">Presentaci\u00f3n multimedia<\/label><\/li><li class=\"choice-3 depth-1\"><input type=\"checkbox\" id=\"wpforms-2255-field_19_3\" name=\"wpforms[fields][19][]\" value=\"Personalidades\"  ><label class=\"wpforms-field-label-inline\" for=\"wpforms-2255-field_19_3\">Personalidades<\/label><\/li><li class=\"choice-4 depth-1\"><input type=\"checkbox\" id=\"wpforms-2255-field_19_4\" name=\"wpforms[fields][19][]\" value=\"Servicio sobre prensa\"  ><label class=\"wpforms-field-label-inline\" for=\"wpforms-2255-field_19_4\">Servicio sobre prensa<\/label><\/li><li class=\"choice-5 depth-1\"><input type=\"checkbox\" id=\"wpforms-2255-field_19_5\" name=\"wpforms[fields][19][]\" value=\"Banquete\"  ><label class=\"wpforms-field-label-inline\" for=\"wpforms-2255-field_19_5\">Banquete<\/label><\/li><li class=\"choice-6 depth-1\"><input type=\"checkbox\" id=\"wpforms-2255-field_19_6\" name=\"wpforms[fields][19][]\" value=\"Cocteler\u00eda\"  ><label class=\"wpforms-field-label-inline\" for=\"wpforms-2255-field_19_6\">Cocteler\u00eda<\/label><\/li><\/ul><div class=\"wpforms-field-description\">Puede seleccionar m\u00e1s de una.<\/div><\/div><div id=\"wpforms-2255-field_12-container\" class=\"wpforms-field wpforms-field-text\" data-field-id=\"12\"><label class=\"wpforms-field-label\" for=\"wpforms-2255-field_12\">Color palette of your choice <span class=\"wpforms-required-label\">*<\/span><\/label><input type=\"text\" id=\"wpforms-2255-field_12\" class=\"wpforms-field-large wpforms-field-required\" name=\"wpforms[fields][12]\" required><\/div><div id=\"wpforms-2255-field_13-container\" class=\"wpforms-field wpforms-field-checkbox wpforms-list-2-columns\" data-field-id=\"13\"><label class=\"wpforms-field-label\">Type of music you want to liven up your event: (You can select more than one) <span class=\"wpforms-required-label\">*<\/span><\/label><ul id=\"wpforms-2255-field_13\" class=\"wpforms-field-required\"><li class=\"choice-1 depth-1\"><input type=\"checkbox\" id=\"wpforms-2255-field_13_1\" name=\"wpforms[fields][13][]\" value=\"Grupo en Vivo\" required><label class=\"wpforms-field-label-inline\" for=\"wpforms-2255-field_13_1\">Live band<\/label><\/li><li class=\"choice-2 depth-1\"><input type=\"checkbox\" id=\"wpforms-2255-field_13_2\" name=\"wpforms[fields][13][]\" value=\"DJ\" required><label class=\"wpforms-field-label-inline\" for=\"wpforms-2255-field_13_2\">DJ<\/label><\/li><li class=\"choice-3 depth-1\"><input type=\"checkbox\" id=\"wpforms-2255-field_13_3\" name=\"wpforms[fields][13][]\" value=\"Banda\" required><label class=\"wpforms-field-label-inline\" for=\"wpforms-2255-field_13_3\">Regional music \/ Banda<\/label><\/li><li class=\"choice-4 depth-1\"><input type=\"checkbox\" id=\"wpforms-2255-field_13_4\" name=\"wpforms[fields][13][]\" value=\"Una combinaci\u00f3n de alguno de los anteriores\" required><label class=\"wpforms-field-label-inline\" for=\"wpforms-2255-field_13_4\">Combination of genres<\/label><\/li><\/ul><\/div><div id=\"wpforms-2255-field_14-container\" class=\"wpforms-field wpforms-field-textarea\" data-field-id=\"14\"><label class=\"wpforms-field-label\" for=\"wpforms-2255-field_14\">How do you visualize your event, what do you want to project? <span class=\"wpforms-required-label\">*<\/span><\/label><textarea id=\"wpforms-2255-field_14\" class=\"wpforms-field-medium wpforms-field-required\" name=\"wpforms[fields][14]\" required><\/textarea><\/div><\/div><!-- .wpforms-field-container --><div class=\"wpforms-field wpforms-field-hp\"><label for=\"wpforms-2255-field-hp\" class=\"wpforms-field-label\">Message<\/label><input type=\"text\" name=\"wpforms[hp]\" id=\"wpforms-2255-field-hp\" class=\"wpforms-field-medium\"><\/div><div class=\"wpforms-recaptcha-container wpforms-is-recaptcha wpforms-is-recaptcha-type-v2\" ><div class=\"g-recaptcha\" data-sitekey=\"6Lda1tkUAAAAALbSPV6Di124r0VymNqKPunzxeby\"><\/div><input type=\"text\" name=\"g-recaptcha-hidden\" class=\"wpforms-recaptcha-hidden\" style=\"position:absolute!important;clip:rect(0,0,0,0)!important;height:1px!important;width:1px!important;border:0!important;overflow:hidden!important;padding:0!important;margin:0!important;\" data-rule-recaptcha=\"1\"><\/div><div class=\"wpforms-submit-container\" ><input type=\"hidden\" name=\"wpforms[id]\" value=\"2255\"><input type=\"hidden\" name=\"page_title\" value=\"\"><input type=\"hidden\" name=\"page_url\" value=\"https:\/\/creaeventosmazatlan.com\/en\/wp-json\/wp\/v2\/pages\/2256\"><input type=\"hidden\" name=\"url_referer\" value=\"\"><button type=\"submit\" name=\"wpforms[submit]\" id=\"wpforms-submit-2255\" class=\"wpforms-submit\" data-alt-text=\"Enviando...\" data-submit-text=\"Enviar\" aria-live=\"assertive\" value=\"wpforms-submit\">Enviar<\/button><\/div><input type=\"hidden\" name=\"trp-form-language\" value=\"en\"\/><\/form><\/div>  <!-- .wpforms-container --><\/div>\n\t\t\t\t\t\t<\/div>\n\t\t\t\t<\/div>\n\t\t\t\t\t<\/div>\n\t\t<\/div>\n\t\t\t\t\t<\/div>\n\t\t<\/section>\n\t\t\t\t<\/div>","protected":false},"excerpt":{"rendered":"<p>Cada evento es especial y queremos brindarle un servicio profesional y personalizado que supere sus expectativas. Antes de iniciar el proceso d\u00e9janos conocer un poco m\u00e1s de lo que esperan como evento. Una ves nos env\u00eden las respuestas nos comunicaremos para atenderle de manera personalizada.<\/p>","protected":false},"author":1,"featured_media":0,"parent":0,"menu_order":0,"comment_status":"closed","ping_status":"closed","template":"elementor_header_footer","meta":{"_uag_custom_page_level_css":"","_exactmetrics_skip_tracking":false,"_exactmetrics_sitenote_active":false,"_exactmetrics_sitenote_note":"","_exactmetrics_sitenote_category":0,"site-sidebar-layout":"no-sidebar","site-content-layout":"page-builder","ast-site-content-layout":"default","site-content-style":"default","site-sidebar-style":"default","ast-global-header-display":"","ast-banner-title-visibility":"","ast-main-header-display":"","ast-hfb-above-header-display":"","ast-hfb-below-header-display":"","ast-hfb-mobile-header-display":"","site-post-title":"disabled","ast-breadcrumbs-content":"","ast-featured-img":"disabled","footer-sml-layout":"","ast-disable-related-posts":"","theme-transparent-header-meta":"default","adv-header-id-meta":"","stick-header-meta":"","header-above-stick-meta":"","header-main-stick-meta":"","header-below-stick-meta":"","astra-migrate-meta-layouts":"default","ast-page-background-enabled":"default","ast-page-background-meta":{"desktop":{"background-color":"","background-image":"","background-repeat":"repeat","background-position":"center center","background-size":"auto","background-attachment":"scroll","background-type":"","background-media":"","overlay-type":"","overlay-color":"","overlay-opacity":"","overlay-gradient":""},"tablet":{"background-color":"","background-image":"","background-repeat":"repeat","background-position":"center center","background-size":"auto","background-attachment":"scroll","background-type":"","background-media":"","overlay-type":"","overlay-color":"","overlay-opacity":"","overlay-gradient":""},"mobile":{"background-color":"","background-image":"","background-repeat":"repeat","background-position":"center center","background-size":"auto","background-attachment":"scroll","background-type":"","background-media":"","overlay-type":"","overlay-color":"","overlay-opacity":"","overlay-gradient":""}},"ast-content-background-meta":{"desktop":{"background-color":"var(--ast-global-color-5)","background-image":"","background-repeat":"repeat","background-position":"center center","background-size":"auto","background-attachment":"scroll","background-type":"","background-media":"","overlay-type":"","overlay-color":"","overlay-opacity":"","overlay-gradient":""},"tablet":{"background-color":"var(--ast-global-color-5)","background-image":"","background-repeat":"repeat","background-position":"center center","background-size":"auto","background-attachment":"scroll","background-type":"","background-media":"","overlay-type":"","overlay-color":"","overlay-opacity":"","overlay-gradient":""},"mobile":{"background-color":"var(--ast-global-color-5)","background-image":"","background-repeat":"repeat","background-position":"center center","background-size":"auto","background-attachment":"scroll","background-type":"","background-media":"","overlay-type":"","overlay-color":"","overlay-opacity":"","overlay-gradient":""}},"_joinchat":[],"footnotes":""},"class_list":["post-2256","page","type-page","status-publish","hentry"],"yoast_head":"<!-- This site is optimized with the Yoast SEO plugin v27.4 - https:\/\/yoast.com\/product\/yoast-seo-wordpress\/ -->\n<title>Cuestionario - Eventos empresariales - Crea Eventos<\/title>\n<meta name=\"robots\" content=\"index, follow, max-snippet:-1, max-image-preview:large, max-video-preview:-1\" \/>\n<link rel=\"canonical\" href=\"https:\/\/creaeventosmazatlan.com\/en\/cuestionario-eventos-empresariales\/\" \/>\n<meta property=\"og:locale\" content=\"en_US\" \/>\n<meta property=\"og:type\" content=\"article\" \/>\n<meta property=\"og:title\" content=\"Cuestionario - Eventos empresariales - Crea Eventos\" \/>\n<meta property=\"og:description\" content=\"Cada evento es especial y queremos brindarle un servicio profesional y personalizado que supere sus expectativas. Antes de iniciar el proceso d\u00e9janos conocer un poco m\u00e1s de lo que esperan como evento. Una ves nos env\u00eden las respuestas nos comunicaremos para atenderle de manera personalizada.\" \/>\n<meta property=\"og:url\" content=\"https:\/\/creaeventosmazatlan.com\/en\/cuestionario-eventos-empresariales\/\" \/>\n<meta property=\"og:site_name\" content=\"Crea Eventos\" \/>\n<meta property=\"article:publisher\" content=\"https:\/\/www.facebook.com\/creaeventosmazatlan\" \/>\n<meta property=\"article:modified_time\" content=\"2020-02-26T18:28:51+00:00\" \/>\n<meta name=\"twitter:card\" content=\"summary_large_image\" \/>\n<script type=\"application\/ld+json\" class=\"yoast-schema-graph\">{\"@context\":\"https:\\\/\\\/schema.org\",\"@graph\":[{\"@type\":\"WebPage\",\"@id\":\"https:\\\/\\\/creaeventosmazatlan.com\\\/cuestionario-eventos-empresariales\\\/\",\"url\":\"https:\\\/\\\/creaeventosmazatlan.com\\\/cuestionario-eventos-empresariales\\\/\",\"name\":\"Cuestionario - Eventos empresariales - Crea Eventos\",\"isPartOf\":{\"@id\":\"https:\\\/\\\/creaeventosmazatlan.com\\\/#website\"},\"datePublished\":\"2020-02-26T18:27:45+00:00\",\"dateModified\":\"2020-02-26T18:28:51+00:00\",\"breadcrumb\":{\"@id\":\"https:\\\/\\\/creaeventosmazatlan.com\\\/cuestionario-eventos-empresariales\\\/#breadcrumb\"},\"inLanguage\":\"en-US\",\"potentialAction\":[{\"@type\":\"ReadAction\",\"target\":[\"https:\\\/\\\/creaeventosmazatlan.com\\\/cuestionario-eventos-empresariales\\\/\"]}]},{\"@type\":\"BreadcrumbList\",\"@id\":\"https:\\\/\\\/creaeventosmazatlan.com\\\/cuestionario-eventos-empresariales\\\/#breadcrumb\",\"itemListElement\":[{\"@type\":\"ListItem\",\"position\":1,\"name\":\"Inicio\",\"item\":\"https:\\\/\\\/creaeventosmazatlan.com\\\/\"},{\"@type\":\"ListItem\",\"position\":2,\"name\":\"Cuestionario &#8211; Eventos empresariales\"}]},{\"@type\":\"WebSite\",\"@id\":\"https:\\\/\\\/creaeventosmazatlan.com\\\/#website\",\"url\":\"https:\\\/\\\/creaeventosmazatlan.com\\\/\",\"name\":\"Crea Eventos\",\"description\":\"Coordinadora Yolanda L\u00f3pez\",\"publisher\":{\"@id\":\"https:\\\/\\\/creaeventosmazatlan.com\\\/#organization\"},\"potentialAction\":[{\"@type\":\"SearchAction\",\"target\":{\"@type\":\"EntryPoint\",\"urlTemplate\":\"https:\\\/\\\/creaeventosmazatlan.com\\\/?s={search_term_string}\"},\"query-input\":{\"@type\":\"PropertyValueSpecification\",\"valueRequired\":true,\"valueName\":\"search_term_string\"}}],\"inLanguage\":\"en-US\"},{\"@type\":\"Organization\",\"@id\":\"https:\\\/\\\/creaeventosmazatlan.com\\\/#organization\",\"name\":\"Crea Eventos\",\"url\":\"https:\\\/\\\/creaeventosmazatlan.com\\\/\",\"logo\":{\"@type\":\"ImageObject\",\"inLanguage\":\"en-US\",\"@id\":\"https:\\\/\\\/creaeventosmazatlan.com\\\/#\\\/schema\\\/logo\\\/image\\\/\",\"url\":\"https:\\\/\\\/creaeventosmazatlan.com\\\/wp-content\\\/uploads\\\/2020\\\/02\\\/logo-100h.png\",\"contentUrl\":\"https:\\\/\\\/creaeventosmazatlan.com\\\/wp-content\\\/uploads\\\/2020\\\/02\\\/logo-100h.png\",\"width\":250,\"height\":100,\"caption\":\"Crea Eventos\"},\"image\":{\"@id\":\"https:\\\/\\\/creaeventosmazatlan.com\\\/#\\\/schema\\\/logo\\\/image\\\/\"},\"sameAs\":[\"https:\\\/\\\/www.facebook.com\\\/creaeventosmazatlan\"]}]}<\/script>\n<!-- \/ Yoast SEO plugin. -->","yoast_head_json":{"title":"Cuestionario - Eventos empresariales - Crea Eventos","robots":{"index":"index","follow":"follow","max-snippet":"max-snippet:-1","max-image-preview":"max-image-preview:large","max-video-preview":"max-video-preview:-1"},"canonical":"https:\/\/creaeventosmazatlan.com\/en\/cuestionario-eventos-empresariales\/","og_locale":"en_US","og_type":"article","og_title":"Cuestionario - Eventos empresariales - Crea Eventos","og_description":"Cada evento es especial y queremos brindarle un servicio profesional y personalizado que supere sus expectativas. Antes de iniciar el proceso d\u00e9janos conocer un poco m\u00e1s de lo que esperan como evento. Una ves nos env\u00eden las respuestas nos comunicaremos para atenderle de manera personalizada.","og_url":"https:\/\/creaeventosmazatlan.com\/en\/cuestionario-eventos-empresariales\/","og_site_name":"Crea Eventos","article_publisher":"https:\/\/www.facebook.com\/creaeventosmazatlan","article_modified_time":"2020-02-26T18:28:51+00:00","twitter_card":"summary_large_image","schema":{"@context":"https:\/\/schema.org","@graph":[{"@type":"WebPage","@id":"https:\/\/creaeventosmazatlan.com\/cuestionario-eventos-empresariales\/","url":"https:\/\/creaeventosmazatlan.com\/cuestionario-eventos-empresariales\/","name":"Cuestionario - Eventos empresariales - Crea Eventos","isPartOf":{"@id":"https:\/\/creaeventosmazatlan.com\/#website"},"datePublished":"2020-02-26T18:27:45+00:00","dateModified":"2020-02-26T18:28:51+00:00","breadcrumb":{"@id":"https:\/\/creaeventosmazatlan.com\/cuestionario-eventos-empresariales\/#breadcrumb"},"inLanguage":"en-US","potentialAction":[{"@type":"ReadAction","target":["https:\/\/creaeventosmazatlan.com\/cuestionario-eventos-empresariales\/"]}]},{"@type":"BreadcrumbList","@id":"https:\/\/creaeventosmazatlan.com\/cuestionario-eventos-empresariales\/#breadcrumb","itemListElement":[{"@type":"ListItem","position":1,"name":"Inicio","item":"https:\/\/creaeventosmazatlan.com\/"},{"@type":"ListItem","position":2,"name":"Cuestionario &#8211; Eventos empresariales"}]},{"@type":"WebSite","@id":"https:\/\/creaeventosmazatlan.com\/#website","url":"https:\/\/creaeventosmazatlan.com\/","name":"Crea Eventos","description":"Coordinadora Yolanda L\u00f3pez","publisher":{"@id":"https:\/\/creaeventosmazatlan.com\/#organization"},"potentialAction":[{"@type":"SearchAction","target":{"@type":"EntryPoint","urlTemplate":"https:\/\/creaeventosmazatlan.com\/?s={search_term_string}"},"query-input":{"@type":"PropertyValueSpecification","valueRequired":true,"valueName":"search_term_string"}}],"inLanguage":"en-US"},{"@type":"Organization","@id":"https:\/\/creaeventosmazatlan.com\/#organization","name":"Crea Eventos","url":"https:\/\/creaeventosmazatlan.com\/","logo":{"@type":"ImageObject","inLanguage":"en-US","@id":"https:\/\/creaeventosmazatlan.com\/#\/schema\/logo\/image\/","url":"https:\/\/creaeventosmazatlan.com\/wp-content\/uploads\/2020\/02\/logo-100h.png","contentUrl":"https:\/\/creaeventosmazatlan.com\/wp-content\/uploads\/2020\/02\/logo-100h.png","width":250,"height":100,"caption":"Crea Eventos"},"image":{"@id":"https:\/\/creaeventosmazatlan.com\/#\/schema\/logo\/image\/"},"sameAs":["https:\/\/www.facebook.com\/creaeventosmazatlan"]}]}},"uagb_featured_image_src":{"full":false,"thumbnail":false,"medium":false,"medium_large":false,"large":false,"1536x1536":false,"2048x2048":false,"trp-custom-language-flag":false},"uagb_author_info":{"display_name":"administrador","author_link":"https:\/\/creaeventosmazatlan.com\/en\/author\/administrador\/"},"uagb_comment_info":0,"uagb_excerpt":"Cada evento es especial y queremos brindarle un servicio profesional y personalizado que supere sus expectativas. Antes de iniciar el proceso d\u00e9janos conocer un poco m\u00e1s de lo que esperan como evento. Una ves nos env\u00eden las respuestas nos comunicaremos para atenderle de manera personalizada.","_links":{"self":[{"href":"https:\/\/creaeventosmazatlan.com\/en\/wp-json\/wp\/v2\/pages\/2256","targetHints":{"allow":["GET"]}}],"collection":[{"href":"https:\/\/creaeventosmazatlan.com\/en\/wp-json\/wp\/v2\/pages"}],"about":[{"href":"https:\/\/creaeventosmazatlan.com\/en\/wp-json\/wp\/v2\/types\/page"}],"author":[{"embeddable":true,"href":"https:\/\/creaeventosmazatlan.com\/en\/wp-json\/wp\/v2\/users\/1"}],"replies":[{"embeddable":true,"href":"https:\/\/creaeventosmazatlan.com\/en\/wp-json\/wp\/v2\/comments?post=2256"}],"version-history":[{"count":2,"href":"https:\/\/creaeventosmazatlan.com\/en\/wp-json\/wp\/v2\/pages\/2256\/revisions"}],"predecessor-version":[{"id":2258,"href":"https:\/\/creaeventosmazatlan.com\/en\/wp-json\/wp\/v2\/pages\/2256\/revisions\/2258"}],"wp:attachment":[{"href":"https:\/\/creaeventosmazatlan.com\/en\/wp-json\/wp\/v2\/media?parent=2256"}],"curies":[{"name":"wp","href":"https:\/\/api.w.org\/{rel}","templated":true}]}}